{"id":103,"date":"2015-02-28T12:39:40","date_gmt":"2015-02-28T11:39:40","guid":{"rendered":"http:\/\/op-kostrevc.si\/?page_id=103"},"modified":"2024-09-30T18:19:09","modified_gmt":"2024-09-30T17:19:09","slug":"pravna-mnenja","status":"publish","type":"page","link":"https:\/\/op-kostrevc.si\/en\/pravna-mnenja\/","title":{"rendered":"Legal Opinions"},"content":{"rendered":"<p><img loading=\"lazy\" decoding=\"async\" class=\"size-full wp-image-307\" src=\"http:\/\/op-kostrevc.si\/wp-content\/uploads\/2015\/02\/opinion.jpg\" alt=\"legal opinion\" width=\"863\" height=\"167\" srcset=\"https:\/\/op-kostrevc.si\/wp-content\/uploads\/2015\/02\/opinion.jpg 863w, https:\/\/op-kostrevc.si\/wp-content\/uploads\/2015\/02\/opinion-620x120.jpg 620w\" sizes=\"auto, (max-width: 863px) 100vw, 863px\" \/><\/p>\n<p>Our law office gives legal opinions regarding matters falling within the expertise of the law office.<\/p>\n<ul>\n<li style=\"padding-left: 30px;\">korporacijsko in gospodarsko pravo,<\/li>\n<li style=\"padding-left: 30px;\">insolven\u010dno pravo,<\/li>\n<li style=\"padding-left: 30px;\">zdru\u017eitve in prevzemi,<\/li>\n<li style=\"padding-left: 30px;\">finan\u010dno prestrukturiranje,<\/li>\n<li style=\"padding-left: 30px;\">pravo nepremi\u010dnin in<\/li>\n<li style=\"padding-left: 30px;\">pogodbeno pravo.<\/li>\n<\/ul>","protected":false},"excerpt":{"rendered":"<p>Odvetni\u0161ka pisarna pripravlja pravna mnenja v zadevah iz naslednjih podro\u010dij dela odvetni\u0161ke pisarne: korporacijsko in gospodarsko pravo, insolven\u010dno pravo, zdru\u017eitve in prevzemi, finan\u010dno prestrukturiranje, pravo nepremi\u010dnin in pogodbeno pravo.<\/p>","protected":false},"author":1,"featured_media":0,"parent":0,"menu_order":0,"comment_status":"closed","ping_status":"closed","template":"","meta":{"footnotes":""},"class_list":["post-103","page","type-page","status-publish","hentry"],"_links":{"self":[{"href":"https:\/\/op-kostrevc.si\/en\/wp-json\/wp\/v2\/pages\/103","targetHints":{"allow":["GET"]}}],"collection":[{"href":"https:\/\/op-kostrevc.si\/en\/wp-json\/wp\/v2\/pages"}],"about":[{"href":"https:\/\/op-kostrevc.si\/en\/wp-json\/wp\/v2\/types\/page"}],"author":[{"embeddable":true,"href":"https:\/\/op-kostrevc.si\/en\/wp-json\/wp\/v2\/users\/1"}],"replies":[{"embeddable":true,"href":"https:\/\/op-kostrevc.si\/en\/wp-json\/wp\/v2\/comments?post=103"}],"version-history":[{"count":12,"href":"https:\/\/op-kostrevc.si\/en\/wp-json\/wp\/v2\/pages\/103\/revisions"}],"predecessor-version":[{"id":341,"href":"https:\/\/op-kostrevc.si\/en\/wp-json\/wp\/v2\/pages\/103\/revisions\/341"}],"wp:attachment":[{"href":"https:\/\/op-kostrevc.si\/en\/wp-json\/wp\/v2\/media?parent=103"}],"curies":[{"name":"wp","href":"https:\/\/api.w.org\/{rel}","templated":true}]}}