{"id":106,"date":"2015-02-28T12:40:15","date_gmt":"2015-02-28T11:40:15","guid":{"rendered":"http:\/\/op-kostrevc.si\/?page_id=106"},"modified":"2024-09-30T18:19:16","modified_gmt":"2024-09-30T17:19:16","slug":"zastopanje-strank","status":"publish","type":"page","link":"https:\/\/op-kostrevc.si\/en\/zastopanje-strank\/","title":{"rendered":"Representation of Clients"},"content":{"rendered":"<p><img loading=\"lazy\" decoding=\"async\" class=\"size-full wp-image-309\" src=\"http:\/\/op-kostrevc.si\/wp-content\/uploads\/2015\/02\/representation.jpg\" alt=\"clients\" width=\"863\" height=\"167\" srcset=\"https:\/\/op-kostrevc.si\/wp-content\/uploads\/2015\/02\/representation.jpg 863w, https:\/\/op-kostrevc.si\/wp-content\/uploads\/2015\/02\/representation-620x120.jpg 620w\" sizes=\"auto, (max-width: 863px) 100vw, 863px\" \/><\/p>\n<p>Odvetni\u0161ka pisarna zastopa stranke v postopkih pred sodi\u0161\u010di in drugimi dr\u017eavnimi organi v zadevah\u00a0iz naslednjih podro\u010dij dela odvetni\u0161ke pisarne:<\/p>\n<ul>\n<li style=\"padding-left: 30px; text-align: left;\">korporacijsko in gospodarsko pravo,<\/li>\n<li style=\"padding-left: 30px; text-align: left;\">insolven\u010dno pravo,<\/li>\n<li style=\"padding-left: 30px; text-align: left;\">zdru\u017eitve in prevzemi,<\/li>\n<li style=\"padding-left: 30px; text-align: left;\">finan\u010dno prestrukturiranje,<\/li>\n<li style=\"padding-left: 30px; text-align: left;\">pravo nepremi\u010dnin in<\/li>\n<li style=\"padding-left: 30px; text-align: left;\">pogodbeno pravo.<\/li>\n<\/ul>","protected":false},"excerpt":{"rendered":"<p>Odvetni\u0161ka pisarna zastopa stranke v postopkih pred sodi\u0161\u010di in drugimi dr\u017eavnimi organi v zadevah\u00a0iz naslednjih podro\u010dij dela odvetni\u0161ke pisarne: korporacijsko in gospodarsko pravo, insolven\u010dno pravo, zdru\u017eitve in prevzemi, finan\u010dno prestrukturiranje, pravo nepremi\u010dnin in pogodbeno pravo.<\/p>","protected":false},"author":1,"featured_media":0,"parent":0,"menu_order":0,"comment_status":"closed","ping_status":"closed","template":"","meta":{"footnotes":""},"class_list":["post-106","page","type-page","status-publish","hentry"],"_links":{"self":[{"href":"https:\/\/op-kostrevc.si\/en\/wp-json\/wp\/v2\/pages\/106","targetHints":{"allow":["GET"]}}],"collection":[{"href":"https:\/\/op-kostrevc.si\/en\/wp-json\/wp\/v2\/pages"}],"about":[{"href":"https:\/\/op-kostrevc.si\/en\/wp-json\/wp\/v2\/types\/page"}],"author":[{"embeddable":true,"href":"https:\/\/op-kostrevc.si\/en\/wp-json\/wp\/v2\/users\/1"}],"replies":[{"embeddable":true,"href":"https:\/\/op-kostrevc.si\/en\/wp-json\/wp\/v2\/comments?post=106"}],"version-history":[{"count":7,"href":"https:\/\/op-kostrevc.si\/en\/wp-json\/wp\/v2\/pages\/106\/revisions"}],"predecessor-version":[{"id":340,"href":"https:\/\/op-kostrevc.si\/en\/wp-json\/wp\/v2\/pages\/106\/revisions\/340"}],"wp:attachment":[{"href":"https:\/\/op-kostrevc.si\/en\/wp-json\/wp\/v2\/media?parent=106"}],"curies":[{"name":"wp","href":"https:\/\/api.w.org\/{rel}","templated":true}]}}