{"id":14,"date":"2015-02-19T18:08:01","date_gmt":"2015-02-19T17:08:01","guid":{"rendered":"http:\/\/op-kostrevc.si\/?page_id=14"},"modified":"2024-09-30T18:56:30","modified_gmt":"2024-09-30T17:56:30","slug":"domov","status":"publish","type":"page","link":"https:\/\/op-kostrevc.si\/en\/","title":{"rendered":"About us"},"content":{"rendered":"<p>Law Office Kostrevc, Ltd. is a law office with traditional values, providing a wide range of legal services which respond to the needs of our clients.<\/p>\n<p>Odnos med odvetni\u0161ko pisarno in vsako stranko temelji na zaupanju. Odvetni\u0161ka pisarna s strankami gradi in utrjuje tesne odnose, ki omogo\u010dajo zagotavljanje odvetni\u0161kih storitev ob upo\u0161tevanju poglobljenega poznavanja polo\u017eaja strank in njihovih interesov.<\/p>\n<p>Odvetni\u0161ka pisarna je osredoto\u010dena na gospodarsko podro\u010dje. Stranke odvetni\u0161ke pisarne so gospodarske dru\u017ebe, drugi gospodarski subjekti in posamezniki. Zaradi pridobivanja izku\u0161enj z delom v gospodarskih subjektih v preteklosti la\u017eje in bolje razumemo njihove potrebe in cilje.<\/p>\n<p>Odvetni\u0161ka pisarna nudi strankam kakovostne odvetni\u0161ke storitve in izbiro takih pravnih re\u0161itev, ki jim pomagajo dose\u010di njihove cilje. Iskanje celovitih in zanesljivih re\u0161itev v kompleksnih gospodarsko pravnih zadevah je za nas izziv.<\/p>\n<p>Odvetni\u0161ka pisarna strankam nudi hiter, inovativen ter k ciljem usmerjen na\u010din (so)delovanja.<\/p>","protected":false},"excerpt":{"rendered":"<p>Odvetni\u0161ka pisarna Kostrevc, d.o.o. je odvetni\u0161ka pisarna s tradicionalnimi vrednotami in s ponudbo odvetni\u0161kih storitev, ki sledijo potrebam strank. Odnos med odvetni\u0161ko pisarno in vsako stranko temelji na zaupanju. Odvetni\u0161ka pisarna s strankami gradi in utrjuje tesne odnose, ki omogo\u010dajo zagotavljanje odvetni\u0161kih storitev ob upo\u0161tevanju poglobljenega poznavanja polo\u017eaja strank in njihovih interesov. Odvetni\u0161ka pisarna je [&hellip;]<\/p>","protected":false},"author":1,"featured_media":0,"parent":0,"menu_order":0,"comment_status":"closed","ping_status":"closed","template":"","meta":{"footnotes":""},"class_list":["post-14","page","type-page","status-publish","hentry"],"_links":{"self":[{"href":"https:\/\/op-kostrevc.si\/en\/wp-json\/wp\/v2\/pages\/14","targetHints":{"allow":["GET"]}}],"collection":[{"href":"https:\/\/op-kostrevc.si\/en\/wp-json\/wp\/v2\/pages"}],"about":[{"href":"https:\/\/op-kostrevc.si\/en\/wp-json\/wp\/v2\/types\/page"}],"author":[{"embeddable":true,"href":"https:\/\/op-kostrevc.si\/en\/wp-json\/wp\/v2\/users\/1"}],"replies":[{"embeddable":true,"href":"https:\/\/op-kostrevc.si\/en\/wp-json\/wp\/v2\/comments?post=14"}],"version-history":[{"count":29,"href":"https:\/\/op-kostrevc.si\/en\/wp-json\/wp\/v2\/pages\/14\/revisions"}],"predecessor-version":[{"id":370,"href":"https:\/\/op-kostrevc.si\/en\/wp-json\/wp\/v2\/pages\/14\/revisions\/370"}],"wp:attachment":[{"href":"https:\/\/op-kostrevc.si\/en\/wp-json\/wp\/v2\/media?parent=14"}],"curies":[{"name":"wp","href":"https:\/\/api.w.org\/{rel}","templated":true}]}}