{"id":84,"date":"2015-02-28T12:36:03","date_gmt":"2015-02-28T11:36:03","guid":{"rendered":"http:\/\/op-kostrevc.si\/?page_id=84"},"modified":"2024-09-30T18:18:31","modified_gmt":"2024-09-30T17:18:31","slug":"korporacijsko-in-gospodarsko-pravo","status":"publish","type":"page","link":"https:\/\/op-kostrevc.si\/en\/korporacijsko-in-gospodarsko-pravo\/","title":{"rendered":"Corporate and Commercial Law"},"content":{"rendered":"<p style=\"text-align: left; padding-left: 0px;\"><img loading=\"lazy\" decoding=\"async\" class=\"alignnone size-full wp-image-187\" src=\"http:\/\/op-kostrevc.si\/wp-content\/uploads\/2015\/02\/corporate_law1.png\" alt=\"corporate_law\" width=\"836\" height=\"167\" srcset=\"https:\/\/op-kostrevc.si\/wp-content\/uploads\/2015\/02\/corporate_law1.png 836w, https:\/\/op-kostrevc.si\/wp-content\/uploads\/2015\/02\/corporate_law1-620x124.png 620w\" sizes=\"auto, (max-width: 836px) 100vw, 836px\" \/><\/p>\n<p style=\"text-align: left; padding-left: 0px;\">Our law office provides legal advice to companies, other commercial entities and individuals in general corporate and commercial matters in all phases of their development and operation. We provide a complete spectrum of legal services ranging from company incorporation, management and direction, through changes in share capital, mergers, divisions and legal\/organisational forms, to the establishing of relations between partners and shareholders.<\/p>\n<\/p>\n<\/p>\n<p style=\"text-align: left; padding-left: 0px;\">We provide support in drafting the content of companies\u2019 legal acts (e.g. articles of association, deeds of partnership, rules of procedures regulating the work of company bodies, etc.) and offer complete assistance to companies in the preparation of documentation for shareholders\u2019 meetings. If required, we can also conduct shareholders\u2019 meetings.<\/p>\n<\/p>\n<\/p>\n<p style=\"text-align: left; padding-left: 0px;\">Our law office offers legal advice and if required, represents its clients in matters related to the enforcement of shareholders\u2019 or partners\u2019 rights as well as in matters related to the responsibilities and competences of management and supervisory bodies. \nIn addition, our law office provides legal support in the preparation and implementation of shareholders\u2019 agreements, remuneration systems and option agreements.<\/p>","protected":false},"excerpt":{"rendered":"<p>Odvetni\u0161ka pisarna svetuje dru\u017ebam in drugim gospodarskim subjektom in posameznikom v splo\u0161nih korporacijskih in gospodarskih zadevah v vseh fazah razvoja in delovanja gospodarskega subjekta. Odvetni\u0161ka pisarna nudi celoten spekter pravnih storitev od ustanovitve dru\u017ebe, njenega upravljanja, spremembe osnovnega kapitala, zdru\u017eitve, delitve, spremembe pravnoorganizacijskih oblik, do urejanja odnosov med dru\u017ebeniki ali delni\u010darji. Odvetni\u0161ka pisarna nudi pomo\u010d [&hellip;]<\/p>","protected":false},"author":1,"featured_media":0,"parent":0,"menu_order":0,"comment_status":"closed","ping_status":"closed","template":"","meta":{"footnotes":""},"class_list":["post-84","page","type-page","status-publish","hentry"],"_links":{"self":[{"href":"https:\/\/op-kostrevc.si\/en\/wp-json\/wp\/v2\/pages\/84","targetHints":{"allow":["GET"]}}],"collection":[{"href":"https:\/\/op-kostrevc.si\/en\/wp-json\/wp\/v2\/pages"}],"about":[{"href":"https:\/\/op-kostrevc.si\/en\/wp-json\/wp\/v2\/types\/page"}],"author":[{"embeddable":true,"href":"https:\/\/op-kostrevc.si\/en\/wp-json\/wp\/v2\/users\/1"}],"replies":[{"embeddable":true,"href":"https:\/\/op-kostrevc.si\/en\/wp-json\/wp\/v2\/comments?post=84"}],"version-history":[{"count":14,"href":"https:\/\/op-kostrevc.si\/en\/wp-json\/wp\/v2\/pages\/84\/revisions"}],"predecessor-version":[{"id":346,"href":"https:\/\/op-kostrevc.si\/en\/wp-json\/wp\/v2\/pages\/84\/revisions\/346"}],"wp:attachment":[{"href":"https:\/\/op-kostrevc.si\/en\/wp-json\/wp\/v2\/media?parent=84"}],"curies":[{"name":"wp","href":"https:\/\/api.w.org\/{rel}","templated":true}]}}