{"id":90,"date":"2015-02-28T12:36:59","date_gmt":"2015-02-28T11:36:59","guid":{"rendered":"http:\/\/op-kostrevc.si\/?page_id=90"},"modified":"2024-09-30T18:19:22","modified_gmt":"2024-09-30T17:19:22","slug":"zdruzitve-in-prevzemi","status":"publish","type":"page","link":"https:\/\/op-kostrevc.si\/en\/zdruzitve-in-prevzemi\/","title":{"rendered":"Mergers &amp; Acquisitions"},"content":{"rendered":"<p><img loading=\"lazy\" decoding=\"async\" class=\"size-full wp-image-277\" src=\"http:\/\/op-kostrevc.si\/wp-content\/uploads\/2015\/02\/prevzemi_zdruzitve.jpg\" alt=\"merges and acquisitions\" width=\"863\" height=\"167\" srcset=\"https:\/\/op-kostrevc.si\/wp-content\/uploads\/2015\/02\/prevzemi_zdruzitve.jpg 863w, https:\/\/op-kostrevc.si\/wp-content\/uploads\/2015\/02\/prevzemi_zdruzitve-620x120.jpg 620w\" sizes=\"auto, (max-width: 863px) 100vw, 863px\" \/><\/p>\n<p>Our law office provides legal advice to and representation of buyers and sellers in all aspects of the sale or purchase of stakes, shares or companies. We advise on mergers, acquisitions, re-structuring and the establishing of joint ventures by providing support in negotiations and the preparation of all documentation related to the transaction<\/p>\n<\/p>\n<p>Whenever necessary and in order to provide our clients with a comprehensive solution, our law office also avails itself of the support of external, mainly business and financial advisors.<\/p>","protected":false},"excerpt":{"rendered":"<p>Odvetni\u0161ka pisarna nudi svetovanje in zastopanje kupcev in prodajalcev pri vseh aspektih prodaje ali nakupa poslovnih dele\u017eev delnic ali podjetij, in svetuje pri zdru\u017eitvah, prevzemih, prestrukturiranju in skupnih vlaganjih. Nudi sodelovanje pri pogajanjih in pripravo celotne transakcijske dokumentacije. Da bi lahko strankam lahko ponudila celovito re\u0161itev, odvetni\u0161ka pisarna sodeluje tudi z zunanjimi finan\u010dnimi, dav\u010dnimi in [&hellip;]<\/p>","protected":false},"author":1,"featured_media":0,"parent":0,"menu_order":0,"comment_status":"closed","ping_status":"closed","template":"","meta":{"footnotes":""},"class_list":["post-90","page","type-page","status-publish","hentry"],"_links":{"self":[{"href":"https:\/\/op-kostrevc.si\/en\/wp-json\/wp\/v2\/pages\/90","targetHints":{"allow":["GET"]}}],"collection":[{"href":"https:\/\/op-kostrevc.si\/en\/wp-json\/wp\/v2\/pages"}],"about":[{"href":"https:\/\/op-kostrevc.si\/en\/wp-json\/wp\/v2\/types\/page"}],"author":[{"embeddable":true,"href":"https:\/\/op-kostrevc.si\/en\/wp-json\/wp\/v2\/users\/1"}],"replies":[{"embeddable":true,"href":"https:\/\/op-kostrevc.si\/en\/wp-json\/wp\/v2\/comments?post=90"}],"version-history":[{"count":21,"href":"https:\/\/op-kostrevc.si\/en\/wp-json\/wp\/v2\/pages\/90\/revisions"}],"predecessor-version":[{"id":339,"href":"https:\/\/op-kostrevc.si\/en\/wp-json\/wp\/v2\/pages\/90\/revisions\/339"}],"wp:attachment":[{"href":"https:\/\/op-kostrevc.si\/en\/wp-json\/wp\/v2\/media?parent=90"}],"curies":[{"name":"wp","href":"https:\/\/api.w.org\/{rel}","templated":true}]}}