{"id":93,"date":"2015-02-28T12:37:28","date_gmt":"2015-02-28T11:37:28","guid":{"rendered":"http:\/\/op-kostrevc.si\/?page_id=93"},"modified":"2024-09-30T18:18:01","modified_gmt":"2024-09-30T17:18:01","slug":"financno-prestrukturiranje","status":"publish","type":"page","link":"https:\/\/op-kostrevc.si\/en\/financno-prestrukturiranje\/","title":{"rendered":"Financial Restructuring"},"content":{"rendered":"<figure class=\"wp-block-image\"><img loading=\"lazy\" decoding=\"async\" width=\"863\" height=\"167\" src=\"http:\/\/op-kostrevc.si\/wp-content\/uploads\/2015\/02\/restructuring.jpg\" alt=\"financial restructuring\" class=\"wp-image-295\" srcset=\"https:\/\/op-kostrevc.si\/wp-content\/uploads\/2015\/02\/restructuring.jpg 863w, https:\/\/op-kostrevc.si\/wp-content\/uploads\/2015\/02\/restructuring-620x120.jpg 620w\" sizes=\"auto, (max-width: 863px) 100vw, 863px\" \/><\/figure>\n\n\n\n<p><\/p>\n\n\n\n<p class=\" translation-block\">Our law office advises creditors and debtors involved in financial re-structuring proceedings on how to eliminate the reasons that led to the debtor\u2019s insolvency and how to establish the short-term and long-term solvency of the debtor.  \nWe assist our clients in the definition of their restructuring process, in the selection of the most appropriate measures for the restructuring of claims and the assessment of their volume as well as in the preparation of all of the documents required for financial restructuring (e.g. report on the measures of financial restructuring, agreement on financial restructuring, financial restructuring plan, etc.). While advising on financial restructuring, our law office cooperates with recognised external business and financial advisors.<\/p>\n\n\n\n<p><\/p>","protected":false},"excerpt":{"rendered":"<p>Odvetni\u0161ka pisarna svetuje upnikom in dol\u017enikom v postopkih finan\u010dnega prestrukturiranja za odpravo vzrokov dol\u017enikove insolventnosti ter za vzpostavitev kratkoro\u010dne in dolgoro\u010dne pla\u010dilne sposobnosti dol\u017enika. Strankam pomaga pri oblikovanju procesa prestrukturiranja ter izbiri najustreznej\u0161ih ukrepov prestrukturiranja terjatev in dolo\u010ditvi njihovega obsega ter pri pripravi potrebnih dokumentov za finan\u010dno prestrukturiranje (poro\u010dilo o ukrepih finan\u010dnega prestrukturiranja, sporazum o [&hellip;]<\/p>","protected":false},"author":1,"featured_media":0,"parent":0,"menu_order":0,"comment_status":"closed","ping_status":"closed","template":"","meta":{"footnotes":""},"class_list":["post-93","page","type-page","status-publish","hentry"],"_links":{"self":[{"href":"https:\/\/op-kostrevc.si\/en\/wp-json\/wp\/v2\/pages\/93","targetHints":{"allow":["GET"]}}],"collection":[{"href":"https:\/\/op-kostrevc.si\/en\/wp-json\/wp\/v2\/pages"}],"about":[{"href":"https:\/\/op-kostrevc.si\/en\/wp-json\/wp\/v2\/types\/page"}],"author":[{"embeddable":true,"href":"https:\/\/op-kostrevc.si\/en\/wp-json\/wp\/v2\/users\/1"}],"replies":[{"embeddable":true,"href":"https:\/\/op-kostrevc.si\/en\/wp-json\/wp\/v2\/comments?post=93"}],"version-history":[{"count":17,"href":"https:\/\/op-kostrevc.si\/en\/wp-json\/wp\/v2\/pages\/93\/revisions"}],"predecessor-version":[{"id":351,"href":"https:\/\/op-kostrevc.si\/en\/wp-json\/wp\/v2\/pages\/93\/revisions\/351"}],"wp:attachment":[{"href":"https:\/\/op-kostrevc.si\/en\/wp-json\/wp\/v2\/media?parent=93"}],"curies":[{"name":"wp","href":"https:\/\/api.w.org\/{rel}","templated":true}]}}